{"id":2328,"date":"2022-03-24T17:56:25","date_gmt":"2022-03-24T17:56:25","guid":{"rendered":"https:\/\/cartasonorademallorca.com\/privacidad\/"},"modified":"2023-03-29T16:08:04","modified_gmt":"2023-03-29T16:08:04","slug":"privacidad","status":"publish","type":"page","link":"https:\/\/cartasonorademallorca.com\/es\/privacidad\/","title":{"rendered":"Privacidad"},"content":{"rendered":"\t\t<div data-elementor-type=\"wp-page\" data-elementor-id=\"2328\" class=\"elementor elementor-2328\">\n\t\t\t\t\t\t<section class=\"elementor-section elementor-top-section elementor-element elementor-element-4a07f5bf elementor-section-boxed elementor-section-height-default elementor-section-height-default\" data-id=\"4a07f5bf\" data-element_type=\"section\" data-e-type=\"section\">\n\t\t\t\t\t\t<div class=\"elementor-container elementor-column-gap-default\">\n\t\t\t\t\t<div class=\"elementor-column elementor-col-100 elementor-top-column elementor-element elementor-element-2dc726e0\" data-id=\"2dc726e0\" data-element_type=\"column\" data-e-type=\"column\">\n\t\t\t<div class=\"elementor-widget-wrap elementor-element-populated\">\n\t\t\t\t\t\t<div class=\"elementor-element elementor-element-571cd5ee elementor-widget elementor-widget-text-editor\" data-id=\"571cd5ee\" data-element_type=\"widget\" data-e-type=\"widget\" data-widget_type=\"text-editor.default\">\n\t\t\t\t<div class=\"elementor-widget-container\">\n\t\t\t\t\t\t\t\t\t<p><\/p>\n<p><strong>Qui\u00e9n es el responsable del tratamiento de tus datos personales?<\/strong><\/p>\n<p>INSTITUT DE MUSICOLOGIA PAU VILLALONGA con domicilio social en Partituroteca i Centre de Documentaci\u00f3 Musical C\/ Miquel dels Sants Oliver, n\u00fam. 2, 3r pis i CP 07122. Direcci\u00f3n de correo electr\u00f3nico de Contacto institutdemusicologia@gmail.com, de ahora en adelante como CARTA SONORA DE MALLORCA.<\/p>\n<p>CARTA SONORA DE MALLORCA trata los datos de manera leal y l\u00edcita; \u00fanicamente trata aquellos datos que considera adecuados, pertinentes y no excesivos en relaci\u00f3n con el \u00e1mbito y las finalidades determinadas, expl\u00edcitas y leg\u00edtimas para las cuales los obtiene, y no los utiliza para finalidades incompatibles con aquellas para las cuales los datos han sido recogidos.<\/p>\n<p><strong>Qui\u00e9n es el Delegado de Protecci\u00f3n de Datos y como te puedes poner en contacto con \u00e9l? <\/strong><\/p>\n<p>El Delegado de Protecci\u00f3n de Datos es la persona encargada de proteger el derecho fundamental a la protecci\u00f3n de datos personales en CARTA SONORA DE MALLORCA y se encarga del cumplimiento de la normativa de protecci\u00f3n de datos. Podr\u00e1s contactar con el Delegado de Protecci\u00f3n de Datos de CARTA SONORA DE MALLORCA en la siguiente direcci\u00f3n:&nbsp;institutdemusicologia@gmail.com.<\/p>\n<p><strong>Porque utilizamos tus datos personales?<\/strong><\/p>\n<p>En CARTA SONORA DE MALLORCA tratamos tus datos personales para gestionar los productos y servicios que solicitas y tienes contratados con CARTA SONORA DE MALLORCA, as\u00ed como comunicaciones entre usted y CARTA SONORA DE MALLORCA.<\/p>\n<p>Para acceder y\/o navegar por el sitio web no es necesario aportar ning\u00fan dato. El car\u00e1cter obligatorio de la respuesta a las preguntas que se plantean, o de los datos que se solicitan a trav\u00e9s del sitio web, se indica mediante la incorporaci\u00f3n de un asterisco ()&nbsp;a continuaci\u00f3n de la pregunta o campo del formulario. En caso de no proporcionarse los datos requeridos no ser\u00e1 posible prestar el servicio o funcionalidad solicitados.<\/p>\n<p><strong>Por qu\u00e9 raz\u00f3n utilizamos tus datos personales?<\/strong><\/p>\n<p>A continuaci\u00f3n, te explicaremos la base legal que nos permite tratar tus datos personales:<\/p>\n<p>En cumplimiento de un contrato, para gestionar los productos y servicios que tienes, solicites o contrates con CARTA SONORA DE MALLORCA.<\/p>\n<p>Cuando nos das tu consentimiento para: (y) Ofrecerte informaci\u00f3n, productos y servicios de CARTA SONORA DE MALLORCA, del Grupo y de terceros, (ii)&nbsp;para comunicar tus datos a sociedades del Grupo porque te los puedan ofrecer o (iii)&nbsp;para utilizar tu informaci\u00f3n de manera an\u00f3nima sin ninguna caracter\u00edstica que te pueda identificar con el fin de realizar an\u00e1lisis y estudios estad\u00edsticos propios o de terceros.<\/p>\n<p>Por inter\u00e9s leg\u00edtimo de CARTA SONORA DE MALLORCA, para que desde CARTA SONORA DE MALLORCA podamos atender mejor tus expectativas y podamos incrementar tu grado de satisfacci\u00f3n como cliente al desarrollar y mejorar la calidad de productos y servicios propios o de terceros, as\u00ed como realizar estad\u00edsticas, encuestas o estudios de mercado que puedan resultar de inter\u00e9s. Para conseguirlo necesitamos utilizar tu informaci\u00f3n sobre tu uso de productos, servicios y canales, de manera an\u00f3nima sin ninguna caracter\u00edstica que te pueda identificar.<\/p>\n<p>Las cookies que utiliza CARTA SONORA DE MALLORCA son an\u00f3nimas y no proporcionan referencias que permitan deducir datos personales del usuario. Las \u00fanicas cookies no an\u00f3nimas, es decir, que permiten la identificaci\u00f3n del usuario, son aquellas que el usuario voluntariamente activa al acceder a la \u201c\u00c1rea Cliente\u201d o \u201c\u00c1rea privada\u201d del sitio web. Estas cookies almacenan el nombre de usuario en su equipo terminal, as\u00ed como un&nbsp;hash&nbsp;del nombre del usuario y la contrase\u00f1a, durante un periodo no superior en un mes, con la exclusiva finalidad de facilitar el acceso en las \u00e1reas restringidas al usuario sin necesidad de introducir manualmente las claves de acceso cada vez. Para conocer nuestra pol\u00edtica de instalaci\u00f3n y gesti\u00f3n de dispositivos de almacenamiento y recuperaci\u00f3n de datos en equipos terminales consulta nuestra Pol\u00edtica de Cookies.<\/p>\n<p>Estos intereses leg\u00edtimos respetan tu derecho a la protecci\u00f3n de datos personales, al honor y a la intimidad personales y familiar. En CARTA SONORA DE MALLORCA consideramos que, como cliente, tenso una expectativa razonable al hecho que se utilicen tus datos de manera an\u00f3nima (aplicando t\u00e9cnicas y medidas de seguridad que impidan tu identificaci\u00f3n) para que podamos mejorar los productos y servicios y que puedas disfrutar de una mejor experiencia como cliente. Pero recuerda que siempre el tratamiento que haremos de tus datos estar\u00e1 basado en un inter\u00e9s leg\u00edtimo, siempre puedes ejercer tu derecho de oposici\u00f3n si lo consideras oportuno en la siguiente direcci\u00f3n: institutdemusicologia@gmail.com, o en cualquier de nuestras oficinas.<\/p>\n<p><b>Durante cu\u00e1nto tiempo conservar\u00e1 CARTA SONORA DE MALLORCA tus datos?<\/b>&nbsp; &nbsp; &nbsp;&nbsp;<\/p>\n<p>Conservaremos tus datos personales durante la vigencia de la relaci\u00f3n contractual. Las solicitudes de operaciones que no se firmen ser\u00e1n conservadas por CARTA SONORA DE MALLORCA durante el plazo m\u00e1ximo de 6 meses, salvo que en la solicitud pactamos un plazo superior, para evitar duplicidad de gestiones ante tus nuevas solicitudes.<\/p>\n<p>Una vez finalizado tus contratos, en CARTA SONORA DE MALLORCA podemos mantener tus datos personales bloqueados durante los plazos de prescripci\u00f3n legal a los cuales consideramos afectados. Transcurridos los plazos de prescripci\u00f3n legal, destruiremos tus datos.<\/p>\n<p><strong>A quien comunicaremos tus datos?<\/strong><\/p>\n<p>No cederemos tus datos personales a terceros, salvo que estemos obligados por una ley o que t\u00fa los hayas pactado previamente para la prestaci\u00f3n de un servicio determinado.<\/p>\n<p>Para poder prestarte un servicio adecuado y gestionar la relaci\u00f3n que mantenemos contigo como cliente, en este aviso encontrar\u00e1s una relaci\u00f3n por categor\u00edas de empresas que podan tratan tus datos por cuenta de CARTA SONORA DE MALLORCA, como parte de la prestaci\u00f3n de servicios que los hemos contratado.<\/p>\n<p>Adem\u00e1s te informamos que, para la misma finalidad que la indicada en el p\u00e1rrafo anterior, las siguientes sociedades que prestan servicios a CARTA SONORA DE MALLORCA podr\u00eda acceder a tus datos personales (transferencias internacionales de datos).<\/p>\n<p>Pa\u00eds Empresa Servicios Garant\u00edas<br>EE. UU. Google INC. Almacenamiento y procesamiento de datos y plataforma de desarrollo de aplicaciones Cl\u00e1usulas contractuales tipos ()<\/p>\n<p>() Decisi\u00f3n de la Comisi\u00f3n Europea de 5 de febrero de 2010 relativa a las cl\u00e1usulas contractuales tipos para la transferencia internacional de datos de car\u00e1cter personal a los encargados de tratamiento establecidos en terceros pa\u00edses, en conformidad con la Directiva 95\/46\/CE del Parlamento Europeo y del Consejo.<\/p>\n<p>()&nbsp;Decisi\u00f3n de Ejecuci\u00f3n (UE) 2016\/1250 de la Comisi\u00f3n de 12 de julio de 2016 con arreglo a la Directiva 95\/46 del Parlamento Europeo y del Consejo, sobre la adecuaci\u00f3n de la protecci\u00f3n conferida por el Escudo de la Privacidad UE-EE. UU..<\/p>\n<p><strong>Cu\u00e1les son tus derechos cuando nos facilitas tus datos?<\/strong><\/p>\n<p>Derecho Contenido Canales de atenci\u00f3n<br><strong>Acceso:<\/strong> Podr\u00e1s consultar tus datos personales incluidos en ficheros de CARTA SONORA DE MALLORCA&nbsp;institutdemusicologia@gmail.com<\/p>\n<p><strong>Rectificaci\u00f3n<\/strong> Podr\u00e1s modificar tus datos personales cuando sean inexactas<\/p>\n<p><strong>Supresi\u00f3n<\/strong> Podr\u00e1s solicitar la eliminaci\u00f3n de tus datos personales<br>Oposici\u00f3n Podr\u00e1s solicitar que no se traten tus datos personales<\/p>\n<p><strong>Limitaci\u00f3n del tratamiento<\/strong> Podr\u00e1s solicitar la limitaci\u00f3n al tratamiento de tus datos en los siguientes casos:<\/p>\n<p>\u2013 Mientras se comprueba la impugnaci\u00f3n de la exactitud de tus datos.<\/p>\n<p>\u2013 Cuando el tratamiento es il\u00edcito, pero te opongas a la supresi\u00f3n de tus datos<\/p>\n<p>\u2013 Cuando CARTA SONORA DE MALLORCA no necesite tratar tus datos pero t\u00fa los necesites para el ejercicio o la defensa de reclamaciones<\/p>\n<p>\u2013 Cuando te hayas opuesto al tratamiento de tus datos para el cumplimiento de una misi\u00f3n en inter\u00e9s p\u00fablico o para la satisfacci\u00f3n de un inter\u00e9s leg\u00edtimo, mientras se verifica si los motivos leg\u00edtimos para el tratamiento prevalecen sobre tus<\/p>\n<p><strong>Portabilidad<\/strong> Podr\u00e1s recibir, en formato electr\u00f3nico, los datos personales que nos hayas facilitado y aquellos que se han obtenido de tu relaci\u00f3n contractual con CARTA SONORA DE MALLORCA, as\u00ed como a transmitirlos a otra entidad.<\/p>\n<p>Si consideras que no hemos tratado tus datos personales de acuerdo con la normativa, podr\u00e1s presentar una reclamaci\u00f3n ante la Agencia Espa\u00f1ola de Protecci\u00f3n de Datos (www.agpd.es)<br>Para ejercitar tus derechos, acompa\u00f1a a tu solicitud una copia de tu DNI o documento equivalente acreditativo de tu identidad<br>El ejercicio de estos derechos es gratuito<\/p>\n<p>As\u00ed mismo, en cualquier momento, puedes retirar el consentimiento prestado sin que esto afecte la licitud del tratamiento enviando tu solicitud a la direcci\u00f3n de email&nbsp;institutdemusicologia@gmail.com. Recuerda acompa\u00f1ar a tu solicitud una copia de tu DNI o documento equivalente acreditativo de tu identidad.<\/p>\n<p><\/p>\t\t\t\t\t\t\t\t<\/div>\n\t\t\t\t<\/div>\n\t\t\t\t\t<\/div>\n\t\t<\/div>\n\t\t\t\t\t<\/div>\n\t\t<\/section>\n\t\t\t\t<\/div>\n\t\t","protected":false},"excerpt":{"rendered":"<p>Qui\u00e9n es el responsable del tratamiento de tus datos personales? INSTITUT DE MUSICOLOGIA PAU VILLALONGA con domicilio social en Partituroteca i Centre de Documentaci\u00f3 Musical C\/ Miquel dels Sants Oliver, n\u00fam. 2, 3r pis i CP 07122. Direcci\u00f3n de correo electr\u00f3nico de Contacto institutdemusicologia@gmail.com, de ahora en adelante como CARTA SONORA DE MALLORCA. CARTA SONORA [&hellip;]<\/p>\n","protected":false},"author":1,"featured_media":0,"parent":0,"menu_order":0,"comment_status":"closed","ping_status":"open","template":"","meta":{"_acf_changed":false,"footnotes":""},"class_list":["post-2328","page","type-page","status-publish","hentry"],"acf":[],"yoast_head":"<!-- This site is optimized with the Yoast SEO plugin v27.4 - https:\/\/yoast.com\/product\/yoast-seo-wordpress\/ -->\n<title>Privacidad - Carta Sonora de Mallorca<\/title>\n<meta name=\"robots\" content=\"index, follow, max-snippet:-1, max-image-preview:large, max-video-preview:-1\" \/>\n<link rel=\"canonical\" href=\"https:\/\/cartasonorademallorca.com\/es\/privacidad\/\" \/>\n<meta property=\"og:locale\" content=\"es_ES\" \/>\n<meta property=\"og:type\" content=\"article\" \/>\n<meta property=\"og:title\" content=\"Privacidad - Carta Sonora de Mallorca\" \/>\n<meta property=\"og:description\" content=\"Qui\u00e9n es el responsable del tratamiento de tus datos personales? INSTITUT DE MUSICOLOGIA PAU VILLALONGA con domicilio social en Partituroteca i Centre de Documentaci\u00f3 Musical C\/ Miquel dels Sants Oliver, n\u00fam. 2, 3r pis i CP 07122. Direcci\u00f3n de correo electr\u00f3nico de Contacto institutdemusicologia@gmail.com, de ahora en adelante como CARTA SONORA DE MALLORCA. CARTA SONORA [&hellip;]\" \/>\n<meta property=\"og:url\" content=\"https:\/\/cartasonorademallorca.com\/es\/privacidad\/\" \/>\n<meta property=\"og:site_name\" content=\"Carta Sonora de Mallorca\" \/>\n<meta property=\"article:modified_time\" content=\"2023-03-29T16:08:04+00:00\" \/>\n<meta name=\"twitter:card\" content=\"summary_large_image\" \/>\n<meta name=\"twitter:label1\" content=\"Est. reading time\" \/>\n\t<meta name=\"twitter:data1\" content=\"7 minutes\" \/>\n<script type=\"application\/ld+json\" class=\"yoast-schema-graph\">{\"@context\":\"https:\\\/\\\/schema.org\",\"@graph\":[{\"@type\":\"WebPage\",\"@id\":\"https:\\\/\\\/cartasonorademallorca.com\\\/es\\\/privacidad\\\/\",\"url\":\"https:\\\/\\\/cartasonorademallorca.com\\\/es\\\/privacidad\\\/\",\"name\":\"Privacidad - Carta Sonora de Mallorca\",\"isPartOf\":{\"@id\":\"https:\\\/\\\/cartasonorademallorca.com\\\/es\\\/#website\"},\"datePublished\":\"2022-03-24T17:56:25+00:00\",\"dateModified\":\"2023-03-29T16:08:04+00:00\",\"breadcrumb\":{\"@id\":\"https:\\\/\\\/cartasonorademallorca.com\\\/es\\\/privacidad\\\/#breadcrumb\"},\"inLanguage\":\"es-ES\",\"potentialAction\":[{\"@type\":\"ReadAction\",\"target\":[\"https:\\\/\\\/cartasonorademallorca.com\\\/es\\\/privacidad\\\/\"]}]},{\"@type\":\"BreadcrumbList\",\"@id\":\"https:\\\/\\\/cartasonorademallorca.com\\\/es\\\/privacidad\\\/#breadcrumb\",\"itemListElement\":[{\"@type\":\"ListItem\",\"position\":1,\"name\":\"Portada\",\"item\":\"https:\\\/\\\/cartasonorademallorca.com\\\/es\\\/\"},{\"@type\":\"ListItem\",\"position\":2,\"name\":\"Privacidad\"}]},{\"@type\":\"WebSite\",\"@id\":\"https:\\\/\\\/cartasonorademallorca.com\\\/es\\\/#website\",\"url\":\"https:\\\/\\\/cartasonorademallorca.com\\\/es\\\/\",\"name\":\"Carta Sonora de Mallorca\",\"description\":\"\",\"potentialAction\":[{\"@type\":\"SearchAction\",\"target\":{\"@type\":\"EntryPoint\",\"urlTemplate\":\"https:\\\/\\\/cartasonorademallorca.com\\\/es\\\/?s={search_term_string}\"},\"query-input\":{\"@type\":\"PropertyValueSpecification\",\"valueRequired\":true,\"valueName\":\"search_term_string\"}}],\"inLanguage\":\"es-ES\"}]}<\/script>\n<!-- \/ Yoast SEO plugin. -->","yoast_head_json":{"title":"Privacidad - Carta Sonora de Mallorca","robots":{"index":"index","follow":"follow","max-snippet":"max-snippet:-1","max-image-preview":"max-image-preview:large","max-video-preview":"max-video-preview:-1"},"canonical":"https:\/\/cartasonorademallorca.com\/es\/privacidad\/","og_locale":"es_ES","og_type":"article","og_title":"Privacidad - Carta Sonora de Mallorca","og_description":"Qui\u00e9n es el responsable del tratamiento de tus datos personales? INSTITUT DE MUSICOLOGIA PAU VILLALONGA con domicilio social en Partituroteca i Centre de Documentaci\u00f3 Musical C\/ Miquel dels Sants Oliver, n\u00fam. 2, 3r pis i CP 07122. Direcci\u00f3n de correo electr\u00f3nico de Contacto institutdemusicologia@gmail.com, de ahora en adelante como CARTA SONORA DE MALLORCA. CARTA SONORA [&hellip;]","og_url":"https:\/\/cartasonorademallorca.com\/es\/privacidad\/","og_site_name":"Carta Sonora de Mallorca","article_modified_time":"2023-03-29T16:08:04+00:00","twitter_card":"summary_large_image","twitter_misc":{"Est. reading time":"7 minutes"},"schema":{"@context":"https:\/\/schema.org","@graph":[{"@type":"WebPage","@id":"https:\/\/cartasonorademallorca.com\/es\/privacidad\/","url":"https:\/\/cartasonorademallorca.com\/es\/privacidad\/","name":"Privacidad - Carta Sonora de Mallorca","isPartOf":{"@id":"https:\/\/cartasonorademallorca.com\/es\/#website"},"datePublished":"2022-03-24T17:56:25+00:00","dateModified":"2023-03-29T16:08:04+00:00","breadcrumb":{"@id":"https:\/\/cartasonorademallorca.com\/es\/privacidad\/#breadcrumb"},"inLanguage":"es-ES","potentialAction":[{"@type":"ReadAction","target":["https:\/\/cartasonorademallorca.com\/es\/privacidad\/"]}]},{"@type":"BreadcrumbList","@id":"https:\/\/cartasonorademallorca.com\/es\/privacidad\/#breadcrumb","itemListElement":[{"@type":"ListItem","position":1,"name":"Portada","item":"https:\/\/cartasonorademallorca.com\/es\/"},{"@type":"ListItem","position":2,"name":"Privacidad"}]},{"@type":"WebSite","@id":"https:\/\/cartasonorademallorca.com\/es\/#website","url":"https:\/\/cartasonorademallorca.com\/es\/","name":"Carta Sonora de Mallorca","description":"","potentialAction":[{"@type":"SearchAction","target":{"@type":"EntryPoint","urlTemplate":"https:\/\/cartasonorademallorca.com\/es\/?s={search_term_string}"},"query-input":{"@type":"PropertyValueSpecification","valueRequired":true,"valueName":"search_term_string"}}],"inLanguage":"es-ES"}]}},"_links":{"self":[{"href":"https:\/\/cartasonorademallorca.com\/es\/wp-json\/wp\/v2\/pages\/2328","targetHints":{"allow":["GET"]}}],"collection":[{"href":"https:\/\/cartasonorademallorca.com\/es\/wp-json\/wp\/v2\/pages"}],"about":[{"href":"https:\/\/cartasonorademallorca.com\/es\/wp-json\/wp\/v2\/types\/page"}],"author":[{"embeddable":true,"href":"https:\/\/cartasonorademallorca.com\/es\/wp-json\/wp\/v2\/users\/1"}],"replies":[{"embeddable":true,"href":"https:\/\/cartasonorademallorca.com\/es\/wp-json\/wp\/v2\/comments?post=2328"}],"version-history":[{"count":6,"href":"https:\/\/cartasonorademallorca.com\/es\/wp-json\/wp\/v2\/pages\/2328\/revisions"}],"predecessor-version":[{"id":3121,"href":"https:\/\/cartasonorademallorca.com\/es\/wp-json\/wp\/v2\/pages\/2328\/revisions\/3121"}],"wp:attachment":[{"href":"https:\/\/cartasonorademallorca.com\/es\/wp-json\/wp\/v2\/media?parent=2328"}],"curies":[{"name":"wp","href":"https:\/\/api.w.org\/{rel}","templated":true}]}}