{"id":2336,"date":"2022-01-17T07:47:51","date_gmt":"2022-01-17T07:47:51","guid":{"rendered":"https:\/\/cartasonorademallorca.com\/legal\/"},"modified":"2023-03-29T15:54:32","modified_gmt":"2023-03-29T15:54:32","slug":"legal","status":"publish","type":"page","link":"https:\/\/cartasonorademallorca.com\/es\/legal\/","title":{"rendered":"Legal"},"content":{"rendered":"\t\t<div data-elementor-type=\"wp-page\" data-elementor-id=\"2336\" class=\"elementor elementor-2336\">\n\t\t\t\t\t\t<section class=\"elementor-section elementor-top-section elementor-element elementor-element-26ad521 elementor-section-boxed elementor-section-height-default elementor-section-height-default\" data-id=\"26ad521\" data-element_type=\"section\" data-e-type=\"section\">\n\t\t\t\t\t\t<div class=\"elementor-container elementor-column-gap-default\">\n\t\t\t\t\t<div class=\"elementor-column elementor-col-100 elementor-top-column elementor-element elementor-element-e9949be\" data-id=\"e9949be\" data-element_type=\"column\" data-e-type=\"column\">\n\t\t\t<div class=\"elementor-widget-wrap elementor-element-populated\">\n\t\t\t\t\t\t<div class=\"elementor-element elementor-element-ac7b10d elementor-widget elementor-widget-text-editor\" data-id=\"ac7b10d\" data-element_type=\"widget\" data-e-type=\"widget\" data-widget_type=\"text-editor.default\">\n\t\t\t\t<div class=\"elementor-widget-container\">\n\t\t\t\t\t\t\t\t\t<p>En cumplimiento del art\u00edculo 10 de la Ley 34\/2002 a continuaci\u00f3n se detallan los datos identificativos de la empresa:<\/p><p>Nombre: INSTITUT DE MUSICOLOGIA PAU VILLALONGA<br \/>CIF: G07260516<br \/>Direcci\u00f3n: <span class=\"fabric-text-color-mark\" data-renderer-mark=\"true\" data-text-custom-color=\"#36b37e\">Partituroteca i Centre de Documentaci\u00f3 Musical<\/span><br \/><span class=\"fabric-text-color-mark\" data-renderer-mark=\"true\" data-text-custom-color=\"#36b37e\">C\/\u00a0Miquel dels Sants Oliver, n\u00fam. 2, 3r pis i CP 07122<\/span><br \/>Email: institutdemusicologia@gmail.com<\/p><p><strong>FINALIDAD DE LA P\u00c1GINA WEB.<\/strong><\/p><p>Publicar noticias e informaci\u00f3n relevante sobre la protecci\u00f3n de datos, seguridad y otros temas relacionados. Informaci\u00f3n institucional de la entidad as\u00ed como servicios al ciudadano.<\/p><p>El presente aviso legal (de ahora en adelante, el \u201cAviso Legal\u201d) regula el uso del sitio web<\/p><p>A todos los efectos las relaciones entre <span class=\"fabric-text-color-mark\" data-renderer-mark=\"true\" data-text-custom-color=\"#36b37e\">INSTITUT DE MUSICOLOGIA PAU VILLALONGA <\/span>con los Usuarios de sus servicios telem\u00e1ticos, presentes en este sitio web, se encuentran sometidas a la legislaci\u00f3n y jurisdicci\u00f3n espa\u00f1olas.<\/p><p><strong>USO Y ACCESO DE USUARIOS.<\/strong><\/p><p>El Usuario queda informado, y acepta, que el acceso a la presente web no supone, de ninguna forma, el inicio de una relaci\u00f3n comercial o laboral con <span class=\"fabric-text-color-mark\" data-renderer-mark=\"true\" data-text-custom-color=\"#36b37e\">INSTITUT DE MUSICOLOGIA PAU VILLALONGA <\/span>o cualquiera de sus asociados o anunciantes.<\/p><p>El Usuario podr\u00e1 utilizar los sistemas de contacto con esta web para solicitar m\u00e1s informaci\u00f3n sobre los anuncios publicitados, que se har\u00e1n llegar mediante correo electr\u00f3nico al anunciante. En ning\u00fan caso <span class=\"fabric-text-color-mark\" data-renderer-mark=\"true\" data-text-custom-color=\"#36b37e\">INSTITUT DE MUSICOLOGIA PAU VILLALONGA <\/span>almacena o lee esta informaci\u00f3n.<\/p><p>La informaci\u00f3n publicada en el sitio web y especialmente los anuncios, ofertas y empresas han sido proporcionados por estas. <span class=\"fabric-text-color-mark\" data-renderer-mark=\"true\" data-text-custom-color=\"#36b37e\">INSTITUT DE MUSICOLOGIA PAU VILLALONGA <\/span>revisa las solicitudes recibidas, pero en ning\u00fan caso puede hacerse responsable de la informaci\u00f3n que contengan, y especialmente de su veracidad, duraci\u00f3n, condiciones, localizaci\u00f3n, etc.<\/p><p><strong>PROPIEDAD INTELECTUAL E INDUSTRIAL.<\/strong><\/p><p>Los derechos de propiedad intelectual del contenido de las p\u00e1ginas web, su dise\u00f1o gr\u00e1fico y c\u00f3digos son titularidad de <span class=\"fabric-text-color-mark\" data-renderer-mark=\"true\" data-text-custom-color=\"#36b37e\">INSTITUT DE MUSICOLOGIA PAU VILLALONGA <\/span>y, por lo tanto, queda prohibida su reproducci\u00f3n, distribuci\u00f3n, comunicaci\u00f3n p\u00fablica, transformaci\u00f3n o cualquier otra actividad que se pueda realizar con los contenidos de sus p\u00e1ginas web ni incluso citando las fuentes, excepto consentimiento por escrito.<\/p><p><strong>CONTENIDO DE LA WEB Y ENLACES (LINKS).<\/strong><\/p><p><span class=\"fabric-text-color-mark\" data-renderer-mark=\"true\" data-text-custom-color=\"#36b37e\">INSTITUT DE MUSICOLOGIA PAU VILLALONGA <\/span>se reserva el derecho a actualizar, modificar o eliminar la informaci\u00f3n contenida en sus p\u00e1ginas web pudiendo incluso limitar o no permitir el acceso a esta informaci\u00f3n a ciertos usuarios.<\/p><p><span class=\"fabric-text-color-mark\" data-renderer-mark=\"true\" data-text-custom-color=\"#36b37e\">INSTITUT DE MUSICOLOGIA PAU VILLALONGA <\/span>no asume ninguna responsabilidad por la informaci\u00f3n contenida en p\u00e1ginas web de terceros a las cuales se pueda acceder por \u201clinks\u201d o enlaces desde cualquier p\u00e1gina web propiedad de <span class=\"fabric-text-color-mark\" data-renderer-mark=\"true\" data-text-custom-color=\"#36b37e\">INSTITUT DE MUSICOLOGIA PAU VILLALONGA<\/span>. La presencia de \u201clinks\u201d o enlaces en las p\u00e1ginas web de <span class=\"fabric-text-color-mark\" data-renderer-mark=\"true\" data-text-custom-color=\"#36b37e\">INSTITUT DE MUSICOLOGIA PAU VILLALONGA <\/span>tiene finalidad meramente informativa y en ning\u00fan caso supone sugerencia, invitaci\u00f3n o recomendaci\u00f3n sobre estos.<\/p>\t\t\t\t\t\t\t\t<\/div>\n\t\t\t\t<\/div>\n\t\t\t\t\t<\/div>\n\t\t<\/div>\n\t\t\t\t\t<\/div>\n\t\t<\/section>\n\t\t\t\t<\/div>\n\t\t","protected":false},"excerpt":{"rendered":"<p>En cumplimiento del art\u00edculo 10 de la Ley 34\/2002 a continuaci\u00f3n se detallan los datos identificativos de la empresa: Nombre: INSTITUT DE MUSICOLOGIA PAU VILLALONGACIF: G07260516Direcci\u00f3n: Partituroteca i Centre de Documentaci\u00f3 MusicalC\/\u00a0Miquel dels Sants Oliver, n\u00fam. 2, 3r pis i CP 07122Email: institutdemusicologia@gmail.com FINALIDAD DE LA P\u00c1GINA WEB. Publicar noticias e informaci\u00f3n relevante sobre la [&hellip;]<\/p>\n","protected":false},"author":1,"featured_media":0,"parent":0,"menu_order":0,"comment_status":"closed","ping_status":"closed","template":"","meta":{"_acf_changed":false,"footnotes":""},"class_list":["post-2336","page","type-page","status-publish","hentry"],"acf":[],"yoast_head":"<!-- This site is optimized with the Yoast SEO plugin v27.4 - https:\/\/yoast.com\/product\/yoast-seo-wordpress\/ -->\n<title>Legal - Carta Sonora de Mallorca<\/title>\n<meta name=\"robots\" content=\"index, follow, max-snippet:-1, max-image-preview:large, max-video-preview:-1\" \/>\n<link rel=\"canonical\" href=\"https:\/\/cartasonorademallorca.com\/es\/legal\/\" \/>\n<meta property=\"og:locale\" content=\"es_ES\" \/>\n<meta property=\"og:type\" content=\"article\" \/>\n<meta property=\"og:title\" content=\"Legal - Carta Sonora de Mallorca\" \/>\n<meta property=\"og:description\" content=\"En cumplimiento del art\u00edculo 10 de la Ley 34\/2002 a continuaci\u00f3n se detallan los datos identificativos de la empresa: Nombre: INSTITUT DE MUSICOLOGIA PAU VILLALONGACIF: G07260516Direcci\u00f3n: Partituroteca i Centre de Documentaci\u00f3 MusicalC\/\u00a0Miquel dels Sants Oliver, n\u00fam. 2, 3r pis i CP 07122Email: institutdemusicologia@gmail.com FINALIDAD DE LA P\u00c1GINA WEB. Publicar noticias e informaci\u00f3n relevante sobre la [&hellip;]\" \/>\n<meta property=\"og:url\" content=\"https:\/\/cartasonorademallorca.com\/es\/legal\/\" \/>\n<meta property=\"og:site_name\" content=\"Carta Sonora de Mallorca\" \/>\n<meta property=\"article:modified_time\" content=\"2023-03-29T15:54:32+00:00\" \/>\n<meta name=\"twitter:card\" content=\"summary_large_image\" \/>\n<meta name=\"twitter:label1\" content=\"Est. reading time\" \/>\n\t<meta name=\"twitter:data1\" content=\"3 minutes\" \/>\n<script type=\"application\/ld+json\" class=\"yoast-schema-graph\">{\"@context\":\"https:\\\/\\\/schema.org\",\"@graph\":[{\"@type\":\"WebPage\",\"@id\":\"https:\\\/\\\/cartasonorademallorca.com\\\/es\\\/legal\\\/\",\"url\":\"https:\\\/\\\/cartasonorademallorca.com\\\/es\\\/legal\\\/\",\"name\":\"Legal - Carta Sonora de Mallorca\",\"isPartOf\":{\"@id\":\"https:\\\/\\\/cartasonorademallorca.com\\\/es\\\/#website\"},\"datePublished\":\"2022-01-17T07:47:51+00:00\",\"dateModified\":\"2023-03-29T15:54:32+00:00\",\"breadcrumb\":{\"@id\":\"https:\\\/\\\/cartasonorademallorca.com\\\/es\\\/legal\\\/#breadcrumb\"},\"inLanguage\":\"es-ES\",\"potentialAction\":[{\"@type\":\"ReadAction\",\"target\":[\"https:\\\/\\\/cartasonorademallorca.com\\\/es\\\/legal\\\/\"]}]},{\"@type\":\"BreadcrumbList\",\"@id\":\"https:\\\/\\\/cartasonorademallorca.com\\\/es\\\/legal\\\/#breadcrumb\",\"itemListElement\":[{\"@type\":\"ListItem\",\"position\":1,\"name\":\"Portada\",\"item\":\"https:\\\/\\\/cartasonorademallorca.com\\\/es\\\/\"},{\"@type\":\"ListItem\",\"position\":2,\"name\":\"Legal\"}]},{\"@type\":\"WebSite\",\"@id\":\"https:\\\/\\\/cartasonorademallorca.com\\\/es\\\/#website\",\"url\":\"https:\\\/\\\/cartasonorademallorca.com\\\/es\\\/\",\"name\":\"Carta Sonora de Mallorca\",\"description\":\"\",\"potentialAction\":[{\"@type\":\"SearchAction\",\"target\":{\"@type\":\"EntryPoint\",\"urlTemplate\":\"https:\\\/\\\/cartasonorademallorca.com\\\/es\\\/?s={search_term_string}\"},\"query-input\":{\"@type\":\"PropertyValueSpecification\",\"valueRequired\":true,\"valueName\":\"search_term_string\"}}],\"inLanguage\":\"es-ES\"}]}<\/script>\n<!-- \/ Yoast SEO plugin. -->","yoast_head_json":{"title":"Legal - Carta Sonora de Mallorca","robots":{"index":"index","follow":"follow","max-snippet":"max-snippet:-1","max-image-preview":"max-image-preview:large","max-video-preview":"max-video-preview:-1"},"canonical":"https:\/\/cartasonorademallorca.com\/es\/legal\/","og_locale":"es_ES","og_type":"article","og_title":"Legal - Carta Sonora de Mallorca","og_description":"En cumplimiento del art\u00edculo 10 de la Ley 34\/2002 a continuaci\u00f3n se detallan los datos identificativos de la empresa: Nombre: INSTITUT DE MUSICOLOGIA PAU VILLALONGACIF: G07260516Direcci\u00f3n: Partituroteca i Centre de Documentaci\u00f3 MusicalC\/\u00a0Miquel dels Sants Oliver, n\u00fam. 2, 3r pis i CP 07122Email: institutdemusicologia@gmail.com FINALIDAD DE LA P\u00c1GINA WEB. Publicar noticias e informaci\u00f3n relevante sobre la [&hellip;]","og_url":"https:\/\/cartasonorademallorca.com\/es\/legal\/","og_site_name":"Carta Sonora de Mallorca","article_modified_time":"2023-03-29T15:54:32+00:00","twitter_card":"summary_large_image","twitter_misc":{"Est. reading time":"3 minutes"},"schema":{"@context":"https:\/\/schema.org","@graph":[{"@type":"WebPage","@id":"https:\/\/cartasonorademallorca.com\/es\/legal\/","url":"https:\/\/cartasonorademallorca.com\/es\/legal\/","name":"Legal - Carta Sonora de Mallorca","isPartOf":{"@id":"https:\/\/cartasonorademallorca.com\/es\/#website"},"datePublished":"2022-01-17T07:47:51+00:00","dateModified":"2023-03-29T15:54:32+00:00","breadcrumb":{"@id":"https:\/\/cartasonorademallorca.com\/es\/legal\/#breadcrumb"},"inLanguage":"es-ES","potentialAction":[{"@type":"ReadAction","target":["https:\/\/cartasonorademallorca.com\/es\/legal\/"]}]},{"@type":"BreadcrumbList","@id":"https:\/\/cartasonorademallorca.com\/es\/legal\/#breadcrumb","itemListElement":[{"@type":"ListItem","position":1,"name":"Portada","item":"https:\/\/cartasonorademallorca.com\/es\/"},{"@type":"ListItem","position":2,"name":"Legal"}]},{"@type":"WebSite","@id":"https:\/\/cartasonorademallorca.com\/es\/#website","url":"https:\/\/cartasonorademallorca.com\/es\/","name":"Carta Sonora de Mallorca","description":"","potentialAction":[{"@type":"SearchAction","target":{"@type":"EntryPoint","urlTemplate":"https:\/\/cartasonorademallorca.com\/es\/?s={search_term_string}"},"query-input":{"@type":"PropertyValueSpecification","valueRequired":true,"valueName":"search_term_string"}}],"inLanguage":"es-ES"}]}},"_links":{"self":[{"href":"https:\/\/cartasonorademallorca.com\/es\/wp-json\/wp\/v2\/pages\/2336","targetHints":{"allow":["GET"]}}],"collection":[{"href":"https:\/\/cartasonorademallorca.com\/es\/wp-json\/wp\/v2\/pages"}],"about":[{"href":"https:\/\/cartasonorademallorca.com\/es\/wp-json\/wp\/v2\/types\/page"}],"author":[{"embeddable":true,"href":"https:\/\/cartasonorademallorca.com\/es\/wp-json\/wp\/v2\/users\/1"}],"replies":[{"embeddable":true,"href":"https:\/\/cartasonorademallorca.com\/es\/wp-json\/wp\/v2\/comments?post=2336"}],"version-history":[{"count":12,"href":"https:\/\/cartasonorademallorca.com\/es\/wp-json\/wp\/v2\/pages\/2336\/revisions"}],"predecessor-version":[{"id":3106,"href":"https:\/\/cartasonorademallorca.com\/es\/wp-json\/wp\/v2\/pages\/2336\/revisions\/3106"}],"wp:attachment":[{"href":"https:\/\/cartasonorademallorca.com\/es\/wp-json\/wp\/v2\/media?parent=2336"}],"curies":[{"name":"wp","href":"https:\/\/api.w.org\/{rel}","templated":true}]}}